{"id":155,"date":"2024-08-25T18:14:05","date_gmt":"2024-08-25T18:14:05","guid":{"rendered":"https:\/\/gproducciones.com.co\/website\/about\/"},"modified":"2024-08-25T18:14:16","modified_gmt":"2024-08-25T18:14:16","slug":"about","status":"publish","type":"page","link":"https:\/\/gproducciones.com.co\/website\/about\/","title":{"rendered":"About"},"content":{"rendered":"\n<div class=\"wp-block-uagb-container uagb-layout-grid uagb-block-4762f4b2 alignfull uagb-is-root-container\"><div class=\"uagb-container-inner-blocks-wrap\">\n<div class=\"wp-block-uagb-image alignleft uagb-block-f53e923c wp-block-uagb-image--layout-default wp-block-uagb-image--effect-static wp-block-uagb-image--align-left\"><figure class=\"wp-block-uagb-image__figure\"><img loading=\"lazy\" decoding=\"async\" srcset=\"https:\/\/gproducciones.com.co\/website\/wp-content\/uploads\/2024\/08\/gproducciones-interiorismo-arquitectura-stands-corferias-expocisiones-diseno-remodelaciones-marcas01.jpeg ,https:\/\/gproducciones.com.co\/website\/wp-content\/uploads\/2024\/08\/gproducciones-interiorismo-arquitectura-stands-corferias-expocisiones-diseno-remodelaciones-marcas01.jpeg 780w, https:\/\/gproducciones.com.co\/website\/wp-content\/uploads\/2024\/08\/gproducciones-interiorismo-arquitectura-stands-corferias-expocisiones-diseno-remodelaciones-marcas01.jpeg 360w\" sizes=\"auto, (max-width: 480px) 150px\" src=\"https:\/\/gproducciones.com.co\/website\/wp-content\/uploads\/2024\/08\/gproducciones-interiorismo-arquitectura-stands-corferias-expocisiones-diseno-remodelaciones-marcas01.jpeg\" alt=\"\" class=\"uag-image-6\" width=\"600\" height=\"500\" title=\"about-hero\" loading=\"lazy\" role=\"img\"\/><\/figure><\/div>\n\n\n\n<div class=\"wp-block-uagb-advanced-heading uagb-block-e982e89f\"><p class=\"uagb-desc-text\">Conoce<\/p><h1 class=\"uagb-heading-text\">Sobre G producciones: Nuestra pasi\u00f3n por el dise\u00f1o<\/h1><\/div>\n<\/div><\/div>\n\n\n\n<div class=\"wp-block-uagb-container uagb-block-c45201e0 alignfull uagb-is-root-container\"><div class=\"uagb-container-inner-blocks-wrap\">\n<div class=\"wp-block-uagb-container uagb-block-6eb312f9\">\n<div class=\"wp-block-uagb-advanced-heading uagb-block-e6924530\"><p class=\"uagb-desc-text\">A\u00f1o de experiencia<\/p><h2 class=\"uagb-heading-text\">20<\/h2><\/div>\n<\/div>\n\n\n\n<div class=\"wp-block-uagb-container uagb-block-c7366d7f\">\n<div class=\"wp-block-uagb-advanced-heading uagb-block-6a3da5b2\"><p class=\"uagb-desc-text\">Clientes satisfechos<\/p><h2 class=\"uagb-heading-text\">15K<\/h2><\/div>\n<\/div>\n\n\n\n<div class=\"wp-block-uagb-container uagb-block-60b419fa\">\n<div class=\"wp-block-uagb-advanced-heading uagb-block-0d595ce2\"><p class=\"uagb-desc-text\">Proyecto realizado<\/p><h2 class=\"uagb-heading-text\">10K<\/h2><\/div>\n<\/div>\n\n\n\n<div class=\"wp-block-uagb-container uagb-block-0d867797\">\n<div class=\"wp-block-uagb-advanced-heading uagb-block-7287ab42\"><p class=\"uagb-desc-text\">Miembro del equipo<\/p><h2 class=\"uagb-heading-text\">120<\/h2><\/div>\n<\/div>\n<\/div><\/div>\n\n\n\n<div class=\"wp-block-uagb-container uagb-block-0287720b alignfull uagb-is-root-container\"><div class=\"uagb-container-inner-blocks-wrap\">\n<div class=\"wp-block-uagb-container uagb-layout-grid uagb-block-9d217181\">\n<div class=\"wp-block-uagb-advanced-heading uagb-block-d45faac6\"><p class=\"uagb-desc-text\">Acerca de nosotros<\/p><h2 class=\"uagb-heading-text\">Sobre G producciones<\/h2><\/div>\n\n\n\n<div class=\"wp-block-uagb-advanced-heading uagb-block-2ec08a9c\"><p class=\"uagb-heading-text\">G producciones es l\u00edder en montaje y dise\u00f1o de stands para ferias, remodelaciones, construcci\u00f3n y arquitectura. Nuestro enfoque innovador y creativo ha generado resultados excepcionales para nuestros clientes, destac\u00e1ndonos por la calidad de nuestros proyectos.<\/p><\/div>\n<\/div>\n\n\n\n<div class=\"wp-block-uagb-container uagb-layout-grid uagb-block-ca7e195c\">\n<div class=\"wp-block-uagb-image alignleft uagb-block-378e984b wp-block-uagb-image--layout-default wp-block-uagb-image--effect-static wp-block-uagb-image--align-left\"><figure class=\"wp-block-uagb-image__figure\"><img loading=\"lazy\" decoding=\"async\" srcset=\"https:\/\/gproducciones.com.co\/website\/wp-content\/uploads\/2024\/08\/gproducciones-interiorismo-arquitectura-stands-corferias-expocisiones-diseno-remodelaciones-marcas05.jpeg ,https:\/\/gproducciones.com.co\/website\/wp-content\/uploads\/2024\/08\/gproducciones-interiorismo-arquitectura-stands-corferias-expocisiones-diseno-remodelaciones-marcas05.jpeg 780w, https:\/\/gproducciones.com.co\/website\/wp-content\/uploads\/2024\/08\/gproducciones-interiorismo-arquitectura-stands-corferias-expocisiones-diseno-remodelaciones-marcas05.jpeg 360w\" sizes=\"auto, (max-width: 480px) 150px\" src=\"https:\/\/gproducciones.com.co\/website\/wp-content\/uploads\/2024\/08\/gproducciones-interiorismo-arquitectura-stands-corferias-expocisiones-diseno-remodelaciones-marcas05.jpeg\" alt=\"\" class=\"uag-image-9\" width=\"560\" height=\"500\" title=\"who-we-are\" loading=\"lazy\" role=\"img\"\/><\/figure><\/div>\n\n\n\n<div class=\"wp-block-uagb-info-box uagb-block-dee07c3c uagb-infobox__content-wrap  uagb-infobox-icon-above-title uagb-infobox-image-valign-top\"><div class=\"uagb-ifb-content\"><div class=\"uagb-ifb-title-wrap\"><h3 class=\"uagb-ifb-title-prefix\">Impulsamos tu marca a trav\u00e9s de dise\u00f1os \u00fanicos y personalizados que cautivan a tu audiencia.<\/h3><p class=\"uagb-ifb-title\">Nuestra dedicaci\u00f3n a la excelencia nos ha permitido construir relaciones s\u00f3lidas con nuestros clientes, brindando soluciones integrales y de alta calidad.<\/p><\/div><p class=\"uagb-ifb-desc\">En cada proyecto, nos esforzamos por superar las expectativas, creando espacios que inspiran y comunican la esencia de cada marca.<\/p><\/div><\/div>\n<\/div>\n<\/div><\/div>\n\n\n\n<div class=\"wp-block-uagb-container uagb-block-7f7ecb7c alignfull uagb-is-root-container\"><div class=\"uagb-container-inner-blocks-wrap\"><\/div><\/div>\n\n\n\n<div class=\"wp-block-uagb-container uagb-block-eda4b2eb alignfull uagb-is-root-container\"><div class=\"uagb-container-inner-blocks-wrap\">\n<div class=\"wp-block-uagb-info-box uagb-block-f3755fe6 uagb-infobox__content-wrap  uagb-infobox-icon-above-title uagb-infobox-image-valign-top\"><div class=\"uagb-ifb-content\"><div class=\"uagb-ifb-title-wrap\"><span class=\"uagb-ifb-title-prefix\">Nuestra historia<\/span><h2 class=\"uagb-ifb-title\">Historia de G producciones<\/h2><\/div><p class=\"uagb-ifb-desc\">Desde nuestra fundaci\u00f3n, hemos evolucionado constantemente para adaptarnos a las necesidades del mercado. Con m\u00e1s de una d\u00e9cada de experiencia, hemos consolidado nuestro prestigio como expertos en dise\u00f1o y construcci\u00f3n, marcando una diferencia significativa en la industria.<\/p><\/div><\/div>\n<\/div><\/div>\n\n\n\n<div class=\"wp-block-uagb-container uagb-layout-grid uagb-block-c9588d80 alignfull uagb-is-root-container\"><div class=\"uagb-container-inner-blocks-wrap\">\n<div class=\"wp-block-uagb-info-box uagb-block-1ba1e529 uagb-infobox__content-wrap  uagb-infobox-icon-above-title uagb-infobox-image-valign-top\"><div class=\"uagb-ifb-content\"><div class=\"uagb-ifb-title-wrap\"><span class=\"uagb-ifb-title-prefix\">\u00a1Con\u00f3cenos M\u00e1s!<\/span><h2 class=\"uagb-ifb-title\">Descubre c\u00f3mo podemos transformar tus espacios hoy mismo.<\/h2><\/div><p class=\"uagb-ifb-desc\">En G Producciones, nos apasiona crear experiencias \u00fanicas a trav\u00e9s de nuestros dise\u00f1os innovadores y servicios de alta calidad. Cont\u00e1ctanos para alcanzar juntos tus objetivos de dise\u00f1o y arquitectura.<\/p><div class=\"uagb-ifb-button-wrapper wp-block-button\"><a href=\"\/contact\/\" class=\"uagb-infobox-cta-link wp-block-button__link\" target=\"_self\" rel=\"noopener noreferrer\" onclick=\"return true;\"><span class=\"uagb-inline-editing\">\u00a1Cont\u00e1ctanos!<\/span><\/a><\/div><\/div><\/div>\n\n\n\n<div class=\"wp-block-uagb-image alignright uagb-block-f77e26e1 wp-block-uagb-image--layout-default wp-block-uagb-image--effect-static wp-block-uagb-image--align-right\"><figure class=\"wp-block-uagb-image__figure\"><img loading=\"lazy\" decoding=\"async\" srcset=\"https:\/\/gproducciones.com.co\/website\/wp-content\/uploads\/2024\/08\/WhatsApp-Image-2024-05-27-at-1.22.22-PM.jpeg ,https:\/\/gproducciones.com.co\/website\/wp-content\/uploads\/2024\/08\/WhatsApp-Image-2024-05-27-at-1.22.22-PM.jpeg 780w, https:\/\/gproducciones.com.co\/website\/wp-content\/uploads\/2024\/08\/WhatsApp-Image-2024-05-27-at-1.22.22-PM.jpeg 360w\" sizes=\"auto, (max-width: 480px) 150px\" src=\"https:\/\/gproducciones.com.co\/website\/wp-content\/uploads\/2024\/08\/WhatsApp-Image-2024-05-27-at-1.22.22-PM.jpeg\" alt=\"\" class=\"uag-image-32\" width=\"560\" height=\"480\" title=\"footer-cta\" loading=\"lazy\" role=\"img\"\/><\/figure><\/div>\n<\/div><\/div>\n","protected":false},"excerpt":{"rendered":"<p>Conoce Sobre G producciones: Nuestra pasi\u00f3n por el dise\u00f1o A\u00f1o de experiencia 20 Clientes satisfechos 15K Proyecto realizado 10K Miembro [&hellip;]<\/p>\n","protected":false},"author":1,"featured_media":0,"parent":0,"menu_order":0,"comment_status":"closed","ping_status":"closed","template":"","meta":{"_uag_custom_page_level_css":"","site-sidebar-layout":"default","site-content-layout":"","ast-site-content-layout":"","site-content-style":"default","site-sidebar-style":"default","ast-global-header-display":"","ast-banner-title-visibility":"","ast-main-header-display":"","ast-hfb-above-header-display":"","ast-hfb-below-header-display":"","ast-hfb-mobile-header-display":"","site-post-title":"disabled","ast-breadcrumbs-content":"","ast-featured-img":"","footer-sml-layout":"","theme-transparent-header-meta":"","adv-header-id-meta":"","stick-header-meta":"","header-above-stick-meta":"","header-main-stick-meta":"","header-below-stick-meta":"","astra-migrate-meta-layouts":"default","ast-page-background-enabled":"default","ast-page-background-meta":{"desktop":{"background-color":"var(--ast-global-color-4)","background-image":"","background-repeat":"repeat","background-position":"center center","background-size":"auto","background-attachment":"scroll","background-type":"","background-media":"","overlay-type":"","overlay-color":"","overlay-opacity":"","overlay-gradient":""},"tablet":{"background-color":"","background-image":"","background-repeat":"repeat","background-position":"center center","background-size":"auto","background-attachment":"scroll","background-type":"","background-media":"","overlay-type":"","overlay-color":"","overlay-opacity":"","overlay-gradient":""},"mobile":{"background-color":"","background-image":"","background-repeat":"repeat","background-position":"center center","background-size":"auto","background-attachment":"scroll","background-type":"","background-media":"","overlay-type":"","overlay-color":"","overlay-opacity":"","overlay-gradient":""}},"ast-content-background-meta":{"desktop":{"background-color":"var(--ast-global-color-5)","background-image":"","background-repeat":"repeat","background-position":"center center","background-size":"auto","background-attachment":"scroll","background-type":"","background-media":"","overlay-type":"","overlay-color":"","overlay-opacity":"","overlay-gradient":""},"tablet":{"background-color":"var(--ast-global-color-5)","background-image":"","background-repeat":"repeat","background-position":"center center","background-size":"auto","background-attachment":"scroll","background-type":"","background-media":"","overlay-type":"","overlay-color":"","overlay-opacity":"","overlay-gradient":""},"mobile":{"background-color":"var(--ast-global-color-5)","background-image":"","background-repeat":"repeat","background-position":"center center","background-size":"auto","background-attachment":"scroll","background-type":"","background-media":"","overlay-type":"","overlay-color":"","overlay-opacity":"","overlay-gradient":""}},"footnotes":""},"class_list":["post-155","page","type-page","status-publish","hentry"],"uagb_featured_image_src":{"full":false,"thumbnail":false,"medium":false,"medium_large":false,"large":false,"1536x1536":false,"2048x2048":false},"uagb_author_info":{"display_name":"adminsite","author_link":"https:\/\/gproducciones.com.co\/website\/author\/adminsite\/"},"uagb_comment_info":0,"uagb_excerpt":"Conoce Sobre G producciones: Nuestra pasi\u00f3n por el dise\u00f1o A\u00f1o de experiencia 20 Clientes satisfechos 15K Proyecto realizado 10K Miembro [&hellip;]","_links":{"self":[{"href":"https:\/\/gproducciones.com.co\/website\/wp-json\/wp\/v2\/pages\/155","targetHints":{"allow":["GET"]}}],"collection":[{"href":"https:\/\/gproducciones.com.co\/website\/wp-json\/wp\/v2\/pages"}],"about":[{"href":"https:\/\/gproducciones.com.co\/website\/wp-json\/wp\/v2\/types\/page"}],"author":[{"embeddable":true,"href":"https:\/\/gproducciones.com.co\/website\/wp-json\/wp\/v2\/users\/1"}],"replies":[{"embeddable":true,"href":"https:\/\/gproducciones.com.co\/website\/wp-json\/wp\/v2\/comments?post=155"}],"version-history":[{"count":2,"href":"https:\/\/gproducciones.com.co\/website\/wp-json\/wp\/v2\/pages\/155\/revisions"}],"predecessor-version":[{"id":218,"href":"https:\/\/gproducciones.com.co\/website\/wp-json\/wp\/v2\/pages\/155\/revisions\/218"}],"wp:attachment":[{"href":"https:\/\/gproducciones.com.co\/website\/wp-json\/wp\/v2\/media?parent=155"}],"curies":[{"name":"wp","href":"https:\/\/api.w.org\/{rel}","templated":true}]}}