{"id":156,"date":"2024-08-25T18:14:05","date_gmt":"2024-08-25T18:14:05","guid":{"rendered":"https:\/\/gproducciones.com.co\/website\/services\/"},"modified":"2024-08-25T18:14:16","modified_gmt":"2024-08-25T18:14:16","slug":"services","status":"publish","type":"page","link":"https:\/\/gproducciones.com.co\/website\/services\/","title":{"rendered":"Services"},"content":{"rendered":"\n<div class=\"wp-block-uagb-container uagb-layout-grid uagb-block-4762f4b2 alignfull uagb-is-root-container\"><div class=\"uagb-container-inner-blocks-wrap\">\n<div class=\"wp-block-uagb-image uagb-block-f53e923c wp-block-uagb-image--layout-default wp-block-uagb-image--effect-static wp-block-uagb-image--align-none\"><figure class=\"wp-block-uagb-image__figure\"><img loading=\"lazy\" decoding=\"async\" srcset=\"https:\/\/gproducciones.com.co\/website\/wp-content\/uploads\/2024\/08\/WhatsApp-Image-2024-05-27-at-1.04.46-PM.jpeg ,https:\/\/gproducciones.com.co\/website\/wp-content\/uploads\/2024\/08\/WhatsApp-Image-2024-05-27-at-1.04.46-PM.jpeg 780w, https:\/\/gproducciones.com.co\/website\/wp-content\/uploads\/2024\/08\/WhatsApp-Image-2024-05-27-at-1.04.46-PM.jpeg 360w\" sizes=\"auto, (max-width: 480px) 150px\" src=\"https:\/\/gproducciones.com.co\/website\/wp-content\/uploads\/2024\/08\/WhatsApp-Image-2024-05-27-at-1.04.46-PM.jpeg\" alt=\"\" class=\"uag-image-22\" width=\"600\" height=\"500\" title=\"services-hero\" loading=\"lazy\" role=\"img\"\/><\/figure><\/div>\n\n\n\n<div class=\"wp-block-uagb-advanced-heading uagb-block-e982e89f\"><p class=\"uagb-desc-text\">Servicios<\/p><h1 class=\"uagb-heading-text\">Todo para tus eventos y exposiciones<\/h1><\/div>\n<\/div><\/div>\n\n\n\n<div class=\"wp-block-uagb-container uagb-block-3021a606 alignfull uagb-is-root-container\"><div class=\"uagb-container-inner-blocks-wrap\">\n<div class=\"wp-block-uagb-container uagb-block-91685bb0\">\n<div class=\"wp-block-uagb-container uagb-layout-grid uagb-block-9d217181\">\n<div class=\"wp-block-uagb-advanced-heading uagb-block-d45faac6\"><p class=\"uagb-desc-text\">01.<\/p><h2 class=\"uagb-heading-text\">Montajes de Stands<\/h2><\/div>\n\n\n\n<div class=\"wp-block-uagb-advanced-heading uagb-block-2ec08a9c\"><p class=\"uagb-heading-text\">Creamos stands innovadores y atractivos para ferias y eventos. Dise\u00f1os personalizados que destacar\u00e1n tu marca y atraer\u00e1n a nuevos clientes. Nos encargamos de cada detalle, desde la planificaci\u00f3n hasta el montaje final, para garantizar el \u00e9xito de tu participaci\u00f3n en ferias y exposiciones importantes.<\/p><\/div>\n<\/div>\n\n\n\n<div class=\"wp-block-uagb-image uagb-block-9d6f500d wp-block-uagb-image--layout-default wp-block-uagb-image--effect-static wp-block-uagb-image--align-none\"><figure class=\"wp-block-uagb-image__figure\"><img loading=\"lazy\" decoding=\"async\" srcset=\"https:\/\/gproducciones.com.co\/website\/wp-content\/uploads\/2024\/08\/WhatsApp-Image-2024-05-27-at-1.04.48-PM-1.jpeg ,https:\/\/gproducciones.com.co\/website\/wp-content\/uploads\/2024\/06\/services-01.jpg 780w, https:\/\/gproducciones.com.co\/website\/wp-content\/uploads\/2024\/06\/services-01.jpg 360w\" sizes=\"auto, (max-width: 480px) 150px\" src=\"https:\/\/gproducciones.com.co\/website\/wp-content\/uploads\/2024\/08\/WhatsApp-Image-2024-05-27-at-1.04.48-PM-1.jpeg\" alt=\"\" class=\"uag-image-25\" width=\"1200\" height=\"400\" title=\"services-01\" loading=\"lazy\" role=\"img\"\/><\/figure><\/div>\n<\/div>\n\n\n\n<div class=\"wp-block-uagb-container uagb-block-338ba2c5\">\n<div class=\"wp-block-uagb-container uagb-layout-grid uagb-block-271b79a6\">\n<div class=\"wp-block-uagb-advanced-heading uagb-block-7537c3bc\"><p class=\"uagb-desc-text\">02.<\/p><h2 class=\"uagb-heading-text\">Remodelaciones<\/h2><\/div>\n\n\n\n<div class=\"wp-block-uagb-advanced-heading uagb-block-cca94cc6\"><p class=\"uagb-heading-text\">Transformamos espacios existentes en lugares modernos y funcionales. Ya sea una renovaci\u00f3n parcial o una transformaci\u00f3n completa, nuestro equipo de expertos en dise\u00f1o y construcci\u00f3n se encargar\u00e1 de materializar tus ideas, creando ambientes renovados que se adapten a tus necesidades y resalten la identidad de tu empresa.<\/p><\/div>\n<\/div>\n\n\n\n<div class=\"wp-block-uagb-image uagb-block-7f3770d5 wp-block-uagb-image--layout-default wp-block-uagb-image--effect-static wp-block-uagb-image--align-none\"><figure class=\"wp-block-uagb-image__figure\"><img loading=\"lazy\" decoding=\"async\" srcset=\"https:\/\/gproducciones.com.co\/website\/wp-content\/uploads\/2024\/08\/WhatsApp-Image-2024-05-27-at-1.04.44-PM-1.jpeg ,https:\/\/gproducciones.com.co\/website\/wp-content\/uploads\/2024\/06\/services-02.jpg 780w, https:\/\/gproducciones.com.co\/website\/wp-content\/uploads\/2024\/06\/services-02.jpg 360w\" sizes=\"auto, (max-width: 480px) 150px\" src=\"https:\/\/gproducciones.com.co\/website\/wp-content\/uploads\/2024\/08\/WhatsApp-Image-2024-05-27-at-1.04.44-PM-1.jpeg\" alt=\"\" class=\"uag-image-19\" width=\"1200\" height=\"400\" title=\"services-02\" loading=\"lazy\" role=\"img\"\/><\/figure><\/div>\n<\/div>\n\n\n\n<div class=\"wp-block-uagb-container uagb-block-95dfc84a\">\n<div class=\"wp-block-uagb-container uagb-layout-grid uagb-block-776b2c37\">\n<div class=\"wp-block-uagb-advanced-heading uagb-block-4e7a7260\"><p class=\"uagb-desc-text\">03.<\/p><h2 class=\"uagb-heading-text\">Construcci\u00f3n<\/h2><\/div>\n\n\n\n<div class=\"wp-block-uagb-advanced-heading uagb-block-54fbfb9a\"><p class=\"uagb-heading-text\">Realizamos proyectos de construcci\u00f3n con la m\u00e1s alta calidad y eficiencia. Desde peque\u00f1as estructuras hasta edificaciones complejas, nuestro equipo de arquitectos y constructores brindan soluciones innovadoras que cumplen con tus expectativas y requerimientos. Conf\u00eda en nuestra experiencia para llevar a cabo tus proyectos de construcci\u00f3n con \u00e9xito.<\/p><\/div>\n<\/div>\n\n\n\n<div class=\"wp-block-uagb-image uagb-block-e864c29b wp-block-uagb-image--layout-default wp-block-uagb-image--effect-static wp-block-uagb-image--align-none\"><figure class=\"wp-block-uagb-image__figure\"><img loading=\"lazy\" decoding=\"async\" srcset=\"https:\/\/gproducciones.com.co\/website\/wp-content\/uploads\/2024\/08\/gproducciones-interiorismo-arquitectura-stands-corferias-expocisiones-diseno-remodelaciones-marcas15.jpeg ,https:\/\/gproducciones.com.co\/website\/wp-content\/uploads\/2024\/06\/services-03.jpg 780w, https:\/\/gproducciones.com.co\/website\/wp-content\/uploads\/2024\/06\/services-03.jpg 360w\" sizes=\"auto, (max-width: 480px) 150px\" src=\"https:\/\/gproducciones.com.co\/website\/wp-content\/uploads\/2024\/08\/gproducciones-interiorismo-arquitectura-stands-corferias-expocisiones-diseno-remodelaciones-marcas15.jpeg\" alt=\"\" class=\"uag-image-17\" width=\"1200\" height=\"400\" title=\"services-03\" loading=\"lazy\" role=\"img\"\/><\/figure><\/div>\n<\/div>\n\n\n\n<div class=\"wp-block-uagb-container uagb-block-e294921f\">\n<div class=\"wp-block-uagb-container uagb-layout-grid uagb-block-80558722\">\n<div class=\"wp-block-uagb-advanced-heading uagb-block-7ed094e6\"><p class=\"uagb-desc-text\">04.<\/p><h2 class=\"uagb-heading-text\">Dise\u00f1o Arquitect\u00f3nico<\/h2><\/div>\n\n\n\n<div class=\"wp-block-uagb-advanced-heading uagb-block-5175c3c0\"><p class=\"uagb-heading-text\">Creamos dise\u00f1os arquitect\u00f3nicos \u00fanicos y funcionales que se ajustan a tus necesidades y estilo. Nuestros arquitectos dise\u00f1ar\u00e1n espacios innovadores, adaptados a tus requerimientos est\u00e9ticos y funcionales, garantizando una experiencia arquitect\u00f3nica excepcional. Conf\u00eda en nosotros para llevar a cabo tus proyectos de dise\u00f1o arquitect\u00f3nico con creatividad y profesionalismo.<\/p><\/div>\n<\/div>\n\n\n\n<div class=\"wp-block-uagb-image uagb-block-f7cf0525 wp-block-uagb-image--layout-default wp-block-uagb-image--effect-static wp-block-uagb-image--align-none\"><figure class=\"wp-block-uagb-image__figure\"><img loading=\"lazy\" decoding=\"async\" srcset=\"https:\/\/gproducciones.com.co\/website\/wp-content\/uploads\/2024\/08\/gproducciones-interiorismo-arquitectura-stands-corferias-expocisiones-diseno-remodelaciones-marcas14.jpeg ,https:\/\/gproducciones.com.co\/website\/wp-content\/uploads\/2024\/06\/services-04.jpg 780w, https:\/\/gproducciones.com.co\/website\/wp-content\/uploads\/2024\/06\/services-04.jpg 360w\" sizes=\"auto, (max-width: 480px) 150px\" src=\"https:\/\/gproducciones.com.co\/website\/wp-content\/uploads\/2024\/08\/gproducciones-interiorismo-arquitectura-stands-corferias-expocisiones-diseno-remodelaciones-marcas14.jpeg\" alt=\"\" class=\"uag-image-16\" width=\"1200\" height=\"400\" title=\"services-04\" loading=\"lazy\" role=\"img\"\/><\/figure><\/div>\n<\/div>\n\n\n\n<div class=\"wp-block-uagb-container uagb-block-0a4d1da2\">\n<div class=\"wp-block-uagb-container uagb-layout-grid uagb-block-7b185183\">\n<div class=\"wp-block-uagb-advanced-heading uagb-block-db867f8d\"><p class=\"uagb-desc-text\">05.<\/p><h2 class=\"uagb-heading-text\">Asesor\u00eda Personalizada<\/h2><\/div>\n\n\n\n<div class=\"wp-block-uagb-advanced-heading uagb-block-0a77177f\"><p class=\"uagb-heading-text\">Ofrecemos asesor\u00eda personalizada en montaje, dise\u00f1o y construcci\u00f3n, para garantizar que cada detalle de tu proyecto se lleve a cabo con excelencia. Nuestro equipo de expertos te acompa\u00f1ar\u00e1 en cada etapa del proceso, brind\u00e1ndote soluciones a medida y asegurando que tus expectativas se vean superadas. Conf\u00eda en nuestra asesor\u00eda personalizada para lograr resultados excepcionales.<\/p><\/div>\n<\/div>\n\n\n\n<div class=\"wp-block-uagb-image uagb-block-d3f988fb wp-block-uagb-image--layout-default wp-block-uagb-image--effect-static wp-block-uagb-image--align-none\"><figure class=\"wp-block-uagb-image__figure\"><img loading=\"lazy\" decoding=\"async\" srcset=\"https:\/\/gproducciones.com.co\/website\/wp-content\/uploads\/2024\/08\/gproducciones-interiorismo-arquitectura-stands-corferias-expocisiones-diseno-remodelaciones-marcas03.jpeg ,https:\/\/gproducciones.com.co\/website\/wp-content\/uploads\/2024\/06\/services-05.jpg 780w, https:\/\/gproducciones.com.co\/website\/wp-content\/uploads\/2024\/06\/services-05.jpg 360w\" sizes=\"auto, (max-width: 480px) 150px\" src=\"https:\/\/gproducciones.com.co\/website\/wp-content\/uploads\/2024\/08\/gproducciones-interiorismo-arquitectura-stands-corferias-expocisiones-diseno-remodelaciones-marcas03.jpeg\" alt=\"\" class=\"uag-image-7\" width=\"1200\" height=\"400\" title=\"services-05\" loading=\"lazy\" role=\"img\"\/><\/figure><\/div>\n<\/div>\n<\/div><\/div>\n\n\n\n<div class=\"wp-block-uagb-container uagb-layout-grid uagb-block-c9588d80 alignfull uagb-is-root-container\"><div class=\"uagb-container-inner-blocks-wrap\">\n<div class=\"wp-block-uagb-info-box uagb-block-1ba1e529 uagb-infobox__content-wrap  uagb-infobox-icon-above-title uagb-infobox-image-valign-top\"><div class=\"uagb-ifb-content\"><div class=\"uagb-ifb-title-wrap\"><span class=\"uagb-ifb-title-prefix\">\u00a1Con\u00f3cenos M\u00e1s!<\/span><h2 class=\"uagb-ifb-title\">Descubre c\u00f3mo podemos transformar tus espacios hoy mismo.<\/h2><\/div><p class=\"uagb-ifb-desc\">En G Producciones, nos apasiona crear experiencias \u00fanicas a trav\u00e9s de nuestros dise\u00f1os innovadores y servicios de alta calidad. Cont\u00e1ctanos para alcanzar juntos tus objetivos de dise\u00f1o y arquitectura.<\/p><div class=\"uagb-ifb-button-wrapper wp-block-button\"><a href=\"\/contact\/\" class=\"uagb-infobox-cta-link wp-block-button__link\" target=\"_self\" rel=\"noopener noreferrer\" onclick=\"return true;\"><span class=\"uagb-inline-editing\">\u00a1Cont\u00e1ctanos!<\/span><\/a><\/div><\/div><\/div>\n\n\n\n<div class=\"wp-block-uagb-image alignright uagb-block-f77e26e1 wp-block-uagb-image--layout-default wp-block-uagb-image--effect-static wp-block-uagb-image--align-right\"><figure class=\"wp-block-uagb-image__figure\"><img loading=\"lazy\" decoding=\"async\" srcset=\"https:\/\/gproducciones.com.co\/website\/wp-content\/uploads\/2024\/08\/WhatsApp-Image-2024-05-27-at-1.22.22-PM.jpeg ,https:\/\/gproducciones.com.co\/website\/wp-content\/uploads\/2024\/08\/WhatsApp-Image-2024-05-27-at-1.22.22-PM.jpeg 780w, https:\/\/gproducciones.com.co\/website\/wp-content\/uploads\/2024\/08\/WhatsApp-Image-2024-05-27-at-1.22.22-PM.jpeg 360w\" sizes=\"auto, (max-width: 480px) 150px\" src=\"https:\/\/gproducciones.com.co\/website\/wp-content\/uploads\/2024\/08\/WhatsApp-Image-2024-05-27-at-1.22.22-PM.jpeg\" alt=\"\" class=\"uag-image-32\" width=\"560\" height=\"480\" title=\"footer-cta\" loading=\"lazy\" role=\"img\"\/><\/figure><\/div>\n<\/div><\/div>\n","protected":false},"excerpt":{"rendered":"<p>Servicios Todo para tus eventos y exposiciones 01. Montajes de Stands Creamos stands innovadores y atractivos para ferias y eventos. [&hellip;]<\/p>\n","protected":false},"author":1,"featured_media":0,"parent":0,"menu_order":0,"comment_status":"closed","ping_status":"closed","template":"","meta":{"_uag_custom_page_level_css":"","site-sidebar-layout":"default","site-content-layout":"","ast-site-content-layout":"","site-content-style":"default","site-sidebar-style":"default","ast-global-header-display":"","ast-banner-title-visibility":"","ast-main-header-display":"","ast-hfb-above-header-display":"","ast-hfb-below-header-display":"","ast-hfb-mobile-header-display":"","site-post-title":"disabled","ast-breadcrumbs-content":"","ast-featured-img":"","footer-sml-layout":"","theme-transparent-header-meta":"","adv-header-id-meta":"","stick-header-meta":"","header-above-stick-meta":"","header-main-stick-meta":"","header-below-stick-meta":"","astra-migrate-meta-layouts":"default","ast-page-background-enabled":"default","ast-page-background-meta":{"desktop":{"background-color":"var(--ast-global-color-4)","background-image":"","background-repeat":"repeat","background-position":"center center","background-size":"auto","background-attachment":"scroll","background-type":"","background-media":"","overlay-type":"","overlay-color":"","overlay-opacity":"","overlay-gradient":""},"tablet":{"background-color":"","background-image":"","background-repeat":"repeat","background-position":"center center","background-size":"auto","background-attachment":"scroll","background-type":"","background-media":"","overlay-type":"","overlay-color":"","overlay-opacity":"","overlay-gradient":""},"mobile":{"background-color":"","background-image":"","background-repeat":"repeat","background-position":"center center","background-size":"auto","background-attachment":"scroll","background-type":"","background-media":"","overlay-type":"","overlay-color":"","overlay-opacity":"","overlay-gradient":""}},"ast-content-background-meta":{"desktop":{"background-color":"var(--ast-global-color-5)","background-image":"","background-repeat":"repeat","background-position":"center center","background-size":"auto","background-attachment":"scroll","background-type":"","background-media":"","overlay-type":"","overlay-color":"","overlay-opacity":"","overlay-gradient":""},"tablet":{"background-color":"var(--ast-global-color-5)","background-image":"","background-repeat":"repeat","background-position":"center center","background-size":"auto","background-attachment":"scroll","background-type":"","background-media":"","overlay-type":"","overlay-color":"","overlay-opacity":"","overlay-gradient":""},"mobile":{"background-color":"var(--ast-global-color-5)","background-image":"","background-repeat":"repeat","background-position":"center center","background-size":"auto","background-attachment":"scroll","background-type":"","background-media":"","overlay-type":"","overlay-color":"","overlay-opacity":"","overlay-gradient":""}},"footnotes":""},"class_list":["post-156","page","type-page","status-publish","hentry"],"uagb_featured_image_src":{"full":false,"thumbnail":false,"medium":false,"medium_large":false,"large":false,"1536x1536":false,"2048x2048":false},"uagb_author_info":{"display_name":"adminsite","author_link":"https:\/\/gproducciones.com.co\/website\/author\/adminsite\/"},"uagb_comment_info":0,"uagb_excerpt":"Servicios Todo para tus eventos y exposiciones 01. Montajes de Stands Creamos stands innovadores y atractivos para ferias y eventos. [&hellip;]","_links":{"self":[{"href":"https:\/\/gproducciones.com.co\/website\/wp-json\/wp\/v2\/pages\/156","targetHints":{"allow":["GET"]}}],"collection":[{"href":"https:\/\/gproducciones.com.co\/website\/wp-json\/wp\/v2\/pages"}],"about":[{"href":"https:\/\/gproducciones.com.co\/website\/wp-json\/wp\/v2\/types\/page"}],"author":[{"embeddable":true,"href":"https:\/\/gproducciones.com.co\/website\/wp-json\/wp\/v2\/users\/1"}],"replies":[{"embeddable":true,"href":"https:\/\/gproducciones.com.co\/website\/wp-json\/wp\/v2\/comments?post=156"}],"version-history":[{"count":2,"href":"https:\/\/gproducciones.com.co\/website\/wp-json\/wp\/v2\/pages\/156\/revisions"}],"predecessor-version":[{"id":217,"href":"https:\/\/gproducciones.com.co\/website\/wp-json\/wp\/v2\/pages\/156\/revisions\/217"}],"wp:attachment":[{"href":"https:\/\/gproducciones.com.co\/website\/wp-json\/wp\/v2\/media?parent=156"}],"curies":[{"name":"wp","href":"https:\/\/api.w.org\/{rel}","templated":true}]}}